{"id":2622,"date":"2024-12-19T12:19:42","date_gmt":"2024-12-19T12:19:42","guid":{"rendered":"https:\/\/dewinelabs.wpenginepowered.com\/imprint\/"},"modified":"2025-07-22T11:08:51","modified_gmt":"2025-07-22T11:08:51","slug":"impressum","status":"publish","type":"page","link":"https:\/\/dewinelabs.com\/de\/impressum\/","title":{"rendered":"Impressum"},"content":{"rendered":"\t\t<div data-elementor-type=\"wp-page\" data-elementor-id=\"2622\" class=\"elementor elementor-2622 elementor-2031\" data-elementor-post-type=\"page\">\n\t\t\t\t<div class=\"elementor-element elementor-element-6d15cdd e-flex e-con-boxed e-con e-parent\" data-id=\"6d15cdd\" data-element_type=\"container\" data-e-type=\"container\" data-settings=\"{&quot;jet_parallax_layout_list&quot;:[]}\">\n\t\t\t\t\t<div class=\"e-con-inner\">\n\t\t\t\t<div class=\"elementor-element elementor-element-34a3317 elementor-widget__width-initial elementor-widget-tablet__width-inherit elementor-widget elementor-widget-heading\" data-id=\"34a3317\" data-element_type=\"widget\" data-e-type=\"widget\" data-widget_type=\"heading.default\">\n\t\t\t\t<div class=\"elementor-widget-container\">\n\t\t\t\t\t<h1 class=\"elementor-heading-title elementor-size-default\">Impressum<\/h1>\t\t\t\t<\/div>\n\t\t\t\t<\/div>\n\t\t\t\t<div class=\"elementor-element elementor-element-c6b171e elementor-widget elementor-widget-html\" data-id=\"c6b171e\" data-element_type=\"widget\" data-e-type=\"widget\" data-widget_type=\"html.default\">\n\t\t\t\t<div class=\"elementor-widget-container\">\n\t\t\t\t\t<script>\n    document.querySelector('#cmplz-document > p:nth-child(9)').textContent = \"2.1 We provide journalistic and editorially prepared content.\";\n    document.querySelector('#cmplz-document > p:nth-child(10)').innerHTML = \"Therefore, we must state the name and place of residence of the person responsible for the content of this website:<br><br>Responsible for the content according to \u00a7 18 paragraph 2 MStV is: Michael Sp\u00f6rk, Rainer Hofmann, Adrian Muzler from Graz.\";\n<\/script>\t\t\t\t<\/div>\n\t\t\t\t<\/div>\n\t\t\t\t\t<\/div>\n\t\t\t\t<\/div>\n\t\t<div class=\"elementor-element elementor-element-79e6130 e-flex e-con-boxed e-con e-parent\" data-id=\"79e6130\" data-element_type=\"container\" data-e-type=\"container\" data-settings=\"{&quot;jet_parallax_layout_list&quot;:[]}\">\n\t\t\t\t\t<div class=\"e-con-inner\">\n\t\t\t\t<div class=\"elementor-element elementor-element-feefcd7 elementor-widget elementor-widget-text-editor\" data-id=\"feefcd7\" data-element_type=\"widget\" data-e-type=\"widget\" data-widget_type=\"text-editor.default\">\n\t\t\t\t<div class=\"elementor-widget-container\">\n\t\t\t\t\t\t\t\t\t<p>Verantwortlich f\u00fcr den Inhalt:<br \/><strong>DEWINE Labs GmbH<br \/><\/strong><span style=\"font-family: -apple-system, BlinkMacSystemFont, 'Segoe UI', Roboto, 'Helvetica Neue', Arial, 'Noto Sans', sans-serif, 'Apple Color Emoji', 'Segoe UI Emoji', 'Segoe UI Symbol', 'Noto Color Emoji'; font-size: 1rem;\">Inffeldgasse 33<br \/><\/span><span style=\"font-family: -apple-system, BlinkMacSystemFont, 'Segoe UI', Roboto, 'Helvetica Neue', Arial, 'Noto Sans', sans-serif, 'Apple Color Emoji', 'Segoe UI Emoji', 'Segoe UI Symbol', 'Noto Color Emoji'; font-size: 1rem;\">8010 Graz<br \/><\/span><span style=\"font-family: -apple-system, BlinkMacSystemFont, 'Segoe UI', Roboto, 'Helvetica Neue', Arial, 'Noto Sans', sans-serif, 'Apple Color Emoji', 'Segoe UI Emoji', 'Segoe UI Symbol', 'Noto Color Emoji'; font-size: 1rem;\">AUSTRIA<\/span><\/p><p><span style=\"font-family: -apple-system, BlinkMacSystemFont, 'Segoe UI', Roboto, 'Helvetica Neue', Arial, 'Noto Sans', sans-serif, 'Apple Color Emoji', 'Segoe UI Emoji', 'Segoe UI Symbol', 'Noto Color Emoji'; font-size: 1rem;\"><strong>Telefon:<\/strong> +43 660 149 28 38<br \/><\/span><span style=\"font-family: -apple-system, BlinkMacSystemFont, 'Segoe UI', Roboto, 'Helvetica Neue', Arial, 'Noto Sans', sans-serif, 'Apple Color Emoji', 'Segoe UI Emoji', 'Segoe UI Symbol', 'Noto Color Emoji'; font-size: 1rem;\"><strong>Email:<\/strong> info@dewinelabs.com<br \/><\/span><span style=\"font-family: -apple-system, BlinkMacSystemFont, 'Segoe UI', Roboto, 'Helvetica Neue', Arial, 'Noto Sans', sans-serif, 'Apple Color Emoji', 'Segoe UI Emoji', 'Segoe UI Symbol', 'Noto Color Emoji'; font-size: 1rem;\"><strong>Website:<\/strong> www.dewinelabs.com<\/span><\/p><p><span style=\"font-family: -apple-system, BlinkMacSystemFont, 'Segoe UI', Roboto, 'Helvetica Neue', Arial, 'Noto Sans', sans-serif, 'Apple Color Emoji', 'Segoe UI Emoji', 'Segoe UI Symbol', 'Noto Color Emoji'; font-size: 1rem;\"><strong>Firmenbuchnummer:<\/strong> FN 592937 t<br \/><\/span>Zust\u00e4ndiges Gericht: Landesgericht f\u00fcr Zivilrechtssachen Graz<\/p><p><strong>UID-Nummer:<\/strong> ATU78782569<\/p><p><strong>Unternehmensgegenstand<\/strong>: IT-Consulting<\/p><p><strong>Gesellschafter:<\/strong><br \/>Rainer Hofmann, Michael Sp\u00f6rk, Adrian Muzler<\/p><p><strong>Gesch\u00e4ftsf\u00fchrung:<\/strong><br \/>Rainer Hofmann, Michael Sp\u00f6rk<\/p>\t\t\t\t\t\t\t\t<\/div>\n\t\t\t\t<\/div>\n\t\t\t\t\t<\/div>\n\t\t\t\t<\/div>\n\t\t\t\t<\/div>\n\t\t","protected":false},"excerpt":{"rendered":"<p>Impressum Verantwortlich f\u00fcr den Inhalt:DEWINE Labs GmbHInffeldgasse 338010 GrazAUSTRIA Telefon: +43 660 149 28 38Email: info@dewinelabs.comWebsite: www.dewinelabs.com Firmenbuchnummer: FN 592937 tZust\u00e4ndiges Gericht: Landesgericht f\u00fcr Zivilrechtssachen Graz UID-Nummer: ATU78782569 Unternehmensgegenstand: IT-Consulting Gesellschafter:Rainer Hofmann, Michael Sp\u00f6rk, Adrian Muzler Gesch\u00e4ftsf\u00fchrung:Rainer Hofmann, Michael Sp\u00f6rk<\/p>\n","protected":false},"author":3,"featured_media":0,"parent":0,"menu_order":0,"comment_status":"closed","ping_status":"closed","template":"","meta":{"_acf_changed":false,"footnotes":""},"class_list":["post-2622","page","type-page","status-publish","hentry"],"acf":[],"_links":{"self":[{"href":"https:\/\/dewinelabs.com\/de\/wp-json\/wp\/v2\/pages\/2622","targetHints":{"allow":["GET"]}}],"collection":[{"href":"https:\/\/dewinelabs.com\/de\/wp-json\/wp\/v2\/pages"}],"about":[{"href":"https:\/\/dewinelabs.com\/de\/wp-json\/wp\/v2\/types\/page"}],"author":[{"embeddable":true,"href":"https:\/\/dewinelabs.com\/de\/wp-json\/wp\/v2\/users\/3"}],"replies":[{"embeddable":true,"href":"https:\/\/dewinelabs.com\/de\/wp-json\/wp\/v2\/comments?post=2622"}],"version-history":[{"count":0,"href":"https:\/\/dewinelabs.com\/de\/wp-json\/wp\/v2\/pages\/2622\/revisions"}],"wp:attachment":[{"href":"https:\/\/dewinelabs.com\/de\/wp-json\/wp\/v2\/media?parent=2622"}],"curies":[{"name":"wp","href":"https:\/\/api.w.org\/{rel}","templated":true}]}}